{"id":394,"date":"2021-01-27T13:11:58","date_gmt":"2021-01-27T13:11:58","guid":{"rendered":"https:\/\/wsg-zauckerode.de\/wordpress\/?page_id=394"},"modified":"2021-01-27T13:14:48","modified_gmt":"2021-01-27T13:14:48","slug":"tr","status":"publish","type":"page","link":"https:\/\/wsg-zauckerode.de\/wordpress\/?page_id=394","title":{"rendered":"Trainingsorte"},"content":{"rendered":"\t\t<div data-elementor-type=\"wp-page\" data-elementor-id=\"394\" class=\"elementor elementor-394\">\n\t\t\t\t\t\t<section class=\"elementor-section elementor-top-section elementor-element elementor-element-ba96c30 elementor-section-boxed elementor-section-height-default elementor-section-height-default\" data-id=\"ba96c30\" data-element_type=\"section\" data-e-type=\"section\">\n\t\t\t\t\t\t<div class=\"elementor-container elementor-column-gap-default\">\n\t\t\t\t\t<div class=\"elementor-column elementor-col-100 elementor-top-column elementor-element elementor-element-63d1a1f\" data-id=\"63d1a1f\" data-element_type=\"column\" data-e-type=\"column\">\n\t\t\t<div class=\"elementor-widget-wrap elementor-element-populated\">\n\t\t\t\t\t\t<div class=\"elementor-element elementor-element-34c9b13 elementor-widget elementor-widget-nav-menu\" data-id=\"34c9b13\" data-element_type=\"widget\" data-e-type=\"widget\" data-widget_type=\"nav-menu.default\">\n\t\t\t\t<div class=\"elementor-widget-container\">\n\t\t\t\t\t \t\t\t\t<\/div>\n\t\t\t\t<\/div>\n\t\t\t\t\t<\/div>\n\t\t<\/div>\n\t\t\t\t\t<\/div>\n\t\t<\/section>\n\t\t\t\t<section class=\"elementor-section elementor-top-section elementor-element elementor-element-744127a elementor-section-boxed elementor-section-height-default elementor-section-height-default\" data-id=\"744127a\" data-element_type=\"section\" data-e-type=\"section\">\n\t\t\t\t\t\t<div class=\"elementor-container elementor-column-gap-default\">\n\t\t\t\t\t<div class=\"elementor-column elementor-col-100 elementor-top-column elementor-element elementor-element-9b0fa5c\" data-id=\"9b0fa5c\" data-element_type=\"column\" data-e-type=\"column\">\n\t\t\t<div class=\"elementor-widget-wrap elementor-element-populated\">\n\t\t\t\t\t\t<div class=\"elementor-element elementor-element-36b1d7b elementor-arrows-position-inside elementor-pagination-position-outside elementor-widget elementor-widget-image-carousel\" data-id=\"36b1d7b\" data-element_type=\"widget\" data-e-type=\"widget\" data-settings=\"{&quot;pause_on_interaction&quot;:&quot;no&quot;,&quot;navigation&quot;:&quot;both&quot;,&quot;autoplay&quot;:&quot;yes&quot;,&quot;pause_on_hover&quot;:&quot;yes&quot;,&quot;autoplay_speed&quot;:5000,&quot;infinite&quot;:&quot;yes&quot;,&quot;speed&quot;:500}\" data-widget_type=\"image-carousel.default\">\n\t\t\t\t<div class=\"elementor-widget-container\">\n\t\t\t\t\t\t\t<div class=\"elementor-image-carousel-wrapper swiper\" role=\"region\" aria-roledescription=\"carousel\" aria-label=\"Bild Karussell\" dir=\"ltr\">\n\t\t\t<div class=\"elementor-image-carousel swiper-wrapper\" aria-live=\"off\">\n\t\t\t\t\t\t\t\t<div class=\"swiper-slide\" role=\"group\" aria-roledescription=\"slide\" aria-label=\"1 von 5\"><figure class=\"swiper-slide-inner\"><img decoding=\"async\" class=\"swiper-slide-image\" src=\"https:\/\/wsg-zauckerode.de\/wordpress\/wp-content\/uploads\/2021\/01\/Halle_Glueckauf-Neubau-1-150x150.jpg\" alt=\"Sporthalle &quot;Gl\u00fcckauf&quot;\" \/><figcaption class=\"elementor-image-carousel-caption\">Neubau der Sporthalle \"Gl\u00fcckauf\"\nFreital, Str. der Stahlwerker 8<\/figcaption><\/figure><\/div><div class=\"swiper-slide\" role=\"group\" aria-roledescription=\"slide\" aria-label=\"2 von 5\"><figure class=\"swiper-slide-inner\"><img decoding=\"async\" class=\"swiper-slide-image\" src=\"https:\/\/wsg-zauckerode.de\/wordpress\/wp-content\/uploads\/2021\/01\/Halle_Glueckauf-Neubau_klein.sav_-150x150.jpg\" alt=\"Gl\u00fcckauf Sporthalle\" \/><figcaption class=\"elementor-image-carousel-caption\">Neubau Gl\u00fcckauf Sporthalle<\/figcaption><\/figure><\/div><div class=\"swiper-slide\" role=\"group\" aria-roledescription=\"slide\" aria-label=\"3 von 5\"><figure class=\"swiper-slide-inner\"><img decoding=\"async\" class=\"swiper-slide-image\" src=\"https:\/\/wsg-zauckerode.de\/wordpress\/wp-content\/uploads\/2021\/01\/Ringerz_aussen_gross-150x150.jpg\" alt=\"Ringer-Zentrum\" \/><figcaption class=\"elementor-image-carousel-caption\">Im Kellergescho\u00df dieses Geb\u00e4udes befindet sich das Ringer-Zentrum\nFreital, Gl\u00fcck-Auf-Stra\u00dfe 3a<\/figcaption><\/figure><\/div><div class=\"swiper-slide\" role=\"group\" aria-roledescription=\"slide\" aria-label=\"4 von 5\"><figure class=\"swiper-slide-inner\"><img decoding=\"async\" class=\"swiper-slide-image\" src=\"https:\/\/wsg-zauckerode.de\/wordpress\/wp-content\/uploads\/2021\/01\/Halle_Ringstr_klein-1-150x150.jpg\" alt=\"Sporthalle Ringstra\u00dfe 2 alt\" \/><figcaption class=\"elementor-image-carousel-caption\">Sporthalle Ringstra\u00dfe 2 alt<\/figcaption><\/figure><\/div><div class=\"swiper-slide\" role=\"group\" aria-roledescription=\"slide\" aria-label=\"5 von 5\"><figure class=\"swiper-slide-inner\"><img decoding=\"async\" class=\"swiper-slide-image\" src=\"https:\/\/wsg-zauckerode.de\/wordpress\/wp-content\/uploads\/2021\/01\/turnhalle-150x150.jpg\" alt=\"Sporthalle Ringstra\u00dfe 2\" \/><figcaption class=\"elementor-image-carousel-caption\">Neubau  Sporthalle Ringstra\u00dfe 2 01705 Freital<\/figcaption><\/figure><\/div>\t\t\t<\/div>\n\t\t\t\t\t\t\t\t\t\t\t\t<div class=\"elementor-swiper-button elementor-swiper-button-prev\" role=\"button\" tabindex=\"0\">\n\t\t\t\t\t\t<i aria-hidden=\"true\" class=\"eicon-chevron-left\"><\/i>\t\t\t\t\t<\/div>\n\t\t\t\t\t<div class=\"elementor-swiper-button elementor-swiper-button-next\" role=\"button\" tabindex=\"0\">\n\t\t\t\t\t\t<i aria-hidden=\"true\" class=\"eicon-chevron-right\"><\/i>\t\t\t\t\t<\/div>\n\t\t\t\t\n\t\t\t\t\t\t\t\t\t<div class=\"swiper-pagination\"><\/div>\n\t\t\t\t\t\t\t\t\t<\/div>\n\t\t\t\t\t\t<\/div>\n\t\t\t\t<\/div>\n\t\t\t\t\t<\/div>\n\t\t<\/div>\n\t\t\t\t\t<\/div>\n\t\t<\/section>\n\t\t\t\t<\/div>\n\t\t","protected":false},"excerpt":{"rendered":"<p>Neubau der Sporthalle &#8222;Gl\u00fcckauf&#8220; Freital, Str. der Stahlwerker 8 Neubau Gl\u00fcckauf Sporthalle Im Kellergescho\u00df dieses Geb\u00e4udes befindet sich das Ringer-Zentrum Freital, Gl\u00fcck-Auf-Stra\u00dfe 3a Sporthalle Ringstra\u00dfe 2 alt Neubau Sporthalle Ringstra\u00dfe 2 01705 Freital Zur\u00fcck Weiter<\/p>\n","protected":false},"author":1,"featured_media":0,"parent":0,"menu_order":0,"comment_status":"closed","ping_status":"closed","template":"","meta":{"footnotes":""},"class_list":["post-394","page","type-page","status-publish","hentry"],"_links":{"self":[{"href":"https:\/\/wsg-zauckerode.de\/wordpress\/index.php?rest_route=\/wp\/v2\/pages\/394","targetHints":{"allow":["GET"]}}],"collection":[{"href":"https:\/\/wsg-zauckerode.de\/wordpress\/index.php?rest_route=\/wp\/v2\/pages"}],"about":[{"href":"https:\/\/wsg-zauckerode.de\/wordpress\/index.php?rest_route=\/wp\/v2\/types\/page"}],"author":[{"embeddable":true,"href":"https:\/\/wsg-zauckerode.de\/wordpress\/index.php?rest_route=\/wp\/v2\/users\/1"}],"replies":[{"embeddable":true,"href":"https:\/\/wsg-zauckerode.de\/wordpress\/index.php?rest_route=%2Fwp%2Fv2%2Fcomments&post=394"}],"version-history":[{"count":6,"href":"https:\/\/wsg-zauckerode.de\/wordpress\/index.php?rest_route=\/wp\/v2\/pages\/394\/revisions"}],"predecessor-version":[{"id":400,"href":"https:\/\/wsg-zauckerode.de\/wordpress\/index.php?rest_route=\/wp\/v2\/pages\/394\/revisions\/400"}],"wp:attachment":[{"href":"https:\/\/wsg-zauckerode.de\/wordpress\/index.php?rest_route=%2Fwp%2Fv2%2Fmedia&parent=394"}],"curies":[{"name":"wp","href":"https:\/\/api.w.org\/{rel}","templated":true}]}}