{"id":324,"date":"2021-01-27T08:10:08","date_gmt":"2021-01-27T08:10:08","guid":{"rendered":"https:\/\/wsg-zauckerode.de\/wordpress\/?page_id=324"},"modified":"2021-06-02T19:12:05","modified_gmt":"2021-06-02T19:12:05","slug":"historie","status":"publish","type":"page","link":"https:\/\/wsg-zauckerode.de\/wordpress\/?page_id=324","title":{"rendered":"Immer Aktiv"},"content":{"rendered":"\t\t<div data-elementor-type=\"wp-page\" data-elementor-id=\"324\" class=\"elementor elementor-324\">\n\t\t\t\t\t\t<section class=\"elementor-section elementor-top-section elementor-element elementor-element-9450ddb elementor-section-boxed elementor-section-height-default elementor-section-height-default\" data-id=\"9450ddb\" data-element_type=\"section\" data-e-type=\"section\">\n\t\t\t\t\t\t<div class=\"elementor-container elementor-column-gap-default\">\n\t\t\t\t\t<div class=\"elementor-column elementor-col-100 elementor-top-column elementor-element elementor-element-572ba75\" data-id=\"572ba75\" data-element_type=\"column\" data-e-type=\"column\">\n\t\t\t<div class=\"elementor-widget-wrap elementor-element-populated\">\n\t\t\t\t\t\t<div class=\"elementor-element elementor-element-3392867 elementor-widget elementor-widget-nav-menu\" data-id=\"3392867\" data-element_type=\"widget\" data-e-type=\"widget\" data-widget_type=\"nav-menu.default\">\n\t\t\t\t<div class=\"elementor-widget-container\">\n\t\t\t\t\t \t\t\t\t<\/div>\n\t\t\t\t<\/div>\n\t\t\t\t\t<\/div>\n\t\t<\/div>\n\t\t\t\t\t<\/div>\n\t\t<\/section>\n\t\t\t\t<section class=\"elementor-section elementor-top-section elementor-element elementor-element-13e3ecb elementor-section-boxed elementor-section-height-default elementor-section-height-default\" data-id=\"13e3ecb\" data-element_type=\"section\" data-e-type=\"section\">\n\t\t\t\t\t\t<div class=\"elementor-container elementor-column-gap-default\">\n\t\t\t\t\t<div class=\"elementor-column elementor-col-100 elementor-top-column elementor-element elementor-element-3be8575\" data-id=\"3be8575\" data-element_type=\"column\" data-e-type=\"column\">\n\t\t\t<div class=\"elementor-widget-wrap elementor-element-populated\">\n\t\t\t\t\t\t<div class=\"elementor-element elementor-element-6337452 elementor-widget elementor-widget-text-editor\" data-id=\"6337452\" data-element_type=\"widget\" data-e-type=\"widget\" data-widget_type=\"text-editor.default\">\n\t\t\t\t<div class=\"elementor-widget-container\">\n\t\t\t\t\t\t\t\t\t<table border=\"0\" width=\"100%\">\n    <tr>\n        <td align=\"center\"><font size=\"5\" face=\"Comic Sans MS\"><em>Besondere\n        Aktivit\u00e4ten<\/em><\/font><p><em><br>In den 90iger Jahren kam\n        es auf Initiative von Stefanie Lochmann zur Bildung einer\n        Showgruppe, mit dem Ziel, unter anderem durch Auftritte\n        bei Veranstaltungen die WSG Zauckerode in der\n        \u00d6ffentlichkeit zu pr\u00e4sentieren. Voraussetzung f\u00fcr den\n        Erfolg war zus\u00e4tzliches intensives Training. Viel\n        Beifall ernteten die Frauen bei den Auftritten vom\n        Publikum. So bei der Sportgala des Wei\u00dferitzkreises,\n        beim Sportfest in Wei\u00dfig, beim Freitaler Gewerbetag, im\n        Autohaus Seifert oder auf den Wohngebietsfesten in\n        Zauckerode und Birkigt.<\/em><\/p>\n        <\/td>\n    <\/tr>\n<\/table>\t\t\t\t\t\t\t\t<\/div>\n\t\t\t\t<\/div>\n\t\t\t\t\t<\/div>\n\t\t<\/div>\n\t\t\t\t\t<\/div>\n\t\t<\/section>\n\t\t\t\t<\/div>\n\t\t","protected":false},"excerpt":{"rendered":"<p>Besondere Aktivit\u00e4ten In den 90iger Jahren kam es auf Initiative von Stefanie Lochmann zur Bildung einer Showgruppe, mit dem Ziel, unter anderem durch Auftritte bei Veranstaltungen die WSG Zauckerode in der \u00d6ffentlichkeit zu pr\u00e4sentieren. Voraussetzung f\u00fcr den Erfolg war zus\u00e4tzliches intensives Training. Viel Beifall ernteten die Frauen bei den Auftritten vom Publikum. So bei&#8230;<\/p>\n<p class=\"read-more\"><a class=\"btn btn-default\" href=\"https:\/\/wsg-zauckerode.de\/wordpress\/?page_id=324\">Weiterlesen<span class=\"screen-reader-text\"> Weiterlesen<\/span><\/a><\/p>\n","protected":false},"author":3,"featured_media":0,"parent":2,"menu_order":0,"comment_status":"closed","ping_status":"closed","template":"","meta":{"footnotes":""},"class_list":["post-324","page","type-page","status-publish","hentry"],"_links":{"self":[{"href":"https:\/\/wsg-zauckerode.de\/wordpress\/index.php?rest_route=\/wp\/v2\/pages\/324","targetHints":{"allow":["GET"]}}],"collection":[{"href":"https:\/\/wsg-zauckerode.de\/wordpress\/index.php?rest_route=\/wp\/v2\/pages"}],"about":[{"href":"https:\/\/wsg-zauckerode.de\/wordpress\/index.php?rest_route=\/wp\/v2\/types\/page"}],"author":[{"embeddable":true,"href":"https:\/\/wsg-zauckerode.de\/wordpress\/index.php?rest_route=\/wp\/v2\/users\/3"}],"replies":[{"embeddable":true,"href":"https:\/\/wsg-zauckerode.de\/wordpress\/index.php?rest_route=%2Fwp%2Fv2%2Fcomments&post=324"}],"version-history":[{"count":11,"href":"https:\/\/wsg-zauckerode.de\/wordpress\/index.php?rest_route=\/wp\/v2\/pages\/324\/revisions"}],"predecessor-version":[{"id":587,"href":"https:\/\/wsg-zauckerode.de\/wordpress\/index.php?rest_route=\/wp\/v2\/pages\/324\/revisions\/587"}],"up":[{"embeddable":true,"href":"https:\/\/wsg-zauckerode.de\/wordpress\/index.php?rest_route=\/wp\/v2\/pages\/2"}],"wp:attachment":[{"href":"https:\/\/wsg-zauckerode.de\/wordpress\/index.php?rest_route=%2Fwp%2Fv2%2Fmedia&parent=324"}],"curies":[{"name":"wp","href":"https:\/\/api.w.org\/{rel}","templated":true}]}}